{"id":429,"date":"2019-10-30T07:58:16","date_gmt":"2019-10-30T07:58:16","guid":{"rendered":"http:\/\/bevaraminnen.se\/obh\/?page_id=429"},"modified":"2020-08-03T21:12:13","modified_gmt":"2020-08-03T21:12:13","slug":"torhamn-socken","status":"publish","type":"page","link":"https:\/\/bevaraminnen.se\/obh\/ostra-blekinge\/torhamn-socken\/","title":{"rendered":"Torhamn socken"},"content":{"rendered":"<p>I Torhamn \u00e4r deras\u00a0<a href=\"http:\/\/www.pro.se\/Distrikt\/Blekinge\/Samorganisationer\/Karlskrona-Samorganisation\/Foreningar\/PRO-Torhamn\/\" target=\"_blank\" rel=\"noopener noreferrer\">PRO-f\u00f6rening<\/a>\u00a0v\u00e4ldigt engagerad i olika projekt f\u00f6r att dokumentera hembygden. P\u00e5 deras hemsida finns de presenterade under avdelningen\u00a0<a href=\"https:\/\/pro.se\/distrikt\/distrikt-blekinge\/samorganisationer\/samorganisation-karlskrona\/foreningar\/torhamn\/rotbygd.html\" target=\"_blank\" rel=\"noopener noreferrer\">Rotbygd<\/a>\u00a0och den frist\u00e5ende sidan\u00a0<a href=\"http:\/\/rotbygd.se\/\" target=\"_blank\" rel=\"noopener noreferrer\">rotbygd.se<\/a>. Vi kommer att h\u00e4nvisa till deras arbeten efter hand.<\/p>\n<h3>Jordeboksnummer<\/h3>\n<p>Vi anv\u00e4nder de jordeboksnummer som finns i de gamla husf\u00f6rh\u00f6rsl\u00e4ngderna som huvudnummer g\u00e5rdar och torp, kompletterade med eventuella nuvarande fastighetsbeteckningar. Detta eftersom de flesta av de \u00e4garl\u00e4ngder vi har f\u00f6r de gamla g\u00e5rdarna i byarna \u00e4r h\u00e4mtade fr\u00e4mst fr\u00e5n husf\u00f6rh\u00f6rsl\u00e4ngderna.<\/p>\n<table cellspacing=\"10\">\n<tbody>\n<tr valign=\"top\">\n<td width=\"200\">1-5 Orran\u00e4s<br \/>\n6-11 Gullholma<br \/>\n12-15 Attan\u00e4s<br \/>\n18-22 Bj\u00f6rken\u00e4s<br \/>\n23 Brun\u00e5kram\u00e5la<br \/>\n24-27 Bred\u00e4ng<br \/>\n28-31 Konungshamn<br \/>\n32-33 L\u00e5ngenabben<br \/>\n34-35 Sibbaboda<br \/>\n36-48 Svanhalla<br \/>\n49-51 Truseryd<br \/>\n52-59 Sandhamn<br \/>\n62-73 Torhamn<br \/>\n74-76 Gisslevik<br \/>\n77 Svanhalla<br \/>\n79 Gisslevik<br \/>\n80 Grebbeg\u00e5rden<br \/>\n81-82 Maren<\/td>\n<td>83 Brunsvik<br \/>\n84 Bussevik<br \/>\n85 Lilla Hammar<br \/>\n86 Stora Hammar<br \/>\n87-88 Lilla Rom<br \/>\n89 Stora Rom<br \/>\n90 L\u00f6karyd<br \/>\n91-93 Steneryd<br \/>\n94-95\u00a0M\u00f6ckleryd<br \/>\n96 Korpak\u00e4rr<br \/>\n97 H\u00e4stholmen<br \/>\n98 Utl\u00e4ngan<br \/>\n99 Stenshamn<br \/>\n100-102 Ungsk\u00e4r<br \/>\n103 L\u00e5ng\u00f6ra<br \/>\n104 Ytter\u00f6n<br \/>\n105 Inl\u00e4ngan<\/td>\n<\/tr>\n<\/tbody>\n<\/table>\n<h4>Artiklar<\/h4>\n<p>1800-talet och fram\u00e5t i Torhamn fr\u00e5n framlidne Sture Peterssons anteckningar, \u00d6BH medlemsblad nr 3-2016 s.18<\/p>\n","protected":false},"excerpt":{"rendered":"<div class=\"mh-excerpt\"><p>I Torhamn \u00e4r deras\u00a0PRO-f\u00f6rening\u00a0v\u00e4ldigt engagerad i olika projekt f\u00f6r att dokumentera hembygden. P\u00e5 deras hemsida finns de presenterade under avdelningen\u00a0Rotbygd\u00a0och den frist\u00e5ende sidan\u00a0rotbygd.se. Vi kommer att h\u00e4nvisa till deras arbeten efter hand. Jordeboksnummer Vi anv\u00e4nder de jordeboksnummer som finns i <a class=\"mh-excerpt-more\" href=\"https:\/\/bevaraminnen.se\/obh\/ostra-blekinge\/torhamn-socken\/\" title=\"Torhamn socken\">[&#8230;]<\/a><\/p>\n<\/div>","protected":false},"author":1,"featured_media":0,"parent":676,"menu_order":0,"comment_status":"closed","ping_status":"closed","template":"","meta":{"footnotes":""},"class_list":["post-429","page","type-page","status-publish","hentry"],"_links":{"self":[{"href":"https:\/\/bevaraminnen.se\/obh\/wp-json\/wp\/v2\/pages\/429","targetHints":{"allow":["GET"]}}],"collection":[{"href":"https:\/\/bevaraminnen.se\/obh\/wp-json\/wp\/v2\/pages"}],"about":[{"href":"https:\/\/bevaraminnen.se\/obh\/wp-json\/wp\/v2\/types\/page"}],"author":[{"embeddable":true,"href":"https:\/\/bevaraminnen.se\/obh\/wp-json\/wp\/v2\/users\/1"}],"replies":[{"embeddable":true,"href":"https:\/\/bevaraminnen.se\/obh\/wp-json\/wp\/v2\/comments?post=429"}],"version-history":[{"count":2,"href":"https:\/\/bevaraminnen.se\/obh\/wp-json\/wp\/v2\/pages\/429\/revisions"}],"predecessor-version":[{"id":1476,"href":"https:\/\/bevaraminnen.se\/obh\/wp-json\/wp\/v2\/pages\/429\/revisions\/1476"}],"up":[{"embeddable":true,"href":"https:\/\/bevaraminnen.se\/obh\/wp-json\/wp\/v2\/pages\/676"}],"wp:attachment":[{"href":"https:\/\/bevaraminnen.se\/obh\/wp-json\/wp\/v2\/media?parent=429"}],"curies":[{"name":"wp","href":"https:\/\/api.w.org\/{rel}","templated":true}]}}