{"id":587,"date":"2019-12-13T21:41:13","date_gmt":"2019-12-13T21:41:13","guid":{"rendered":"http:\/\/bevaraminnen.se\/obh\/?page_id=587"},"modified":"2024-04-13T15:26:45","modified_gmt":"2024-04-13T15:26:45","slug":"jamjo-socken","status":"publish","type":"page","link":"https:\/\/bevaraminnen.se\/obh\/jamjo-socken\/","title":{"rendered":"J\u00e4mj\u00f6 socken"},"content":{"rendered":"<h2>J\u00e4mj\u00f6 sockens jordeboksnummer<\/h2>\n<p>Vi anv\u00e4nder de jordeboksnummer som finns i de gamla husf\u00f6rh\u00f6rsl\u00e4ngderna som huvudnummer g\u00e5rdar och torp, kompletterade med eventuella nuvarande fastighetsbeteckningar. Detta eftersom de flesta av de \u00e4garl\u00e4ngder vi har f\u00f6r de gamla g\u00e5rdarna i byarna \u00e4r h\u00e4mtade fr\u00e4mst fr\u00e5n husf\u00f6rh\u00f6rsl\u00e4ngderna.<\/p>\n<table cellspacing=\"10\">\n<tbody>\n<tr valign=\"top\">\n<td>1 Torp<br \/>\n2-8 Hallarum<br \/>\n9-17 Binga<br \/>\n18-23 Hammarby<br \/>\n24 Ellet<br \/>\n25-29 Duverum<br \/>\n30-34 J\u00e4mj\u00f6<br \/>\n35-41\u00a0Kr\u00e5kerum<br \/>\n42 Sn\u00e4lleb\u00e4ck<br \/>\n43 Flyeboda<br \/>\n44 K\u00e4ttilsboda<br \/>\n45 Br\u00e4ndam\u00e5la<br \/>\n46 \u00d6vraboda<\/td>\n<td>47 Flakulla<br \/>\n48 Silles\u00e5s<br \/>\n49 Grettlinge<br \/>\n50 L\u00f6karyd<br \/>\n51 Kexel\u00e5kra<br \/>\n52 Horseryd<br \/>\n53 Huckullen<br \/>\n54 T\u00f6rn\u00e5kra<br \/>\n55-59 Femmeryd<br \/>\n60 Sl\u00e4tten<br \/>\n62-66 H\u00e4ljarum<br \/>\n67 L\u00f6karydsm\u00e5la<\/td>\n<\/tr>\n<\/tbody>\n<\/table>\n<p>J\u00e4mj\u00f6 socken i \u00d6stra h\u00e4rad av Blekinge l\u00e4n gr\u00e4nsar i v\u00e4ster till Ramdala socken, i norr och nordost till Kristianopels socken, i \u00f6ster till Torhamns socken samt i s\u00f6der till Torhamns socken \u2013 samtliga n\u00e4mnda i \u00d6stra h\u00e4rad \u2013 och till \u00d6stersj\u00f6n. I trakten s\u00f6der om J\u00e4mj\u00f6 har ett flertal fornl\u00e4m\u00adningar p\u00e5tr\u00e4ffats.<\/p>\n<p>Socknen, som sluttar mot s\u00f6der och \u00f6ster, best\u00e5r i norra delen av skogsbygd med ringa odling; kring J\u00e4mj\u00f6 samh\u00e4lle breder sig d\u00e4remot odlade, b\u00f6rdiga omr\u00e5den, omgivna av h\u00f6jder med l\u00f6v \u00adoch blandskog. Ca 55 procent av sockenarealen \u00e4r skogbevuxen. Trakten kring J\u00e4mj\u00f6, som \u00e4r socknens huvudort, \u00e4r ocks\u00e5 ren kustsl\u00e4tt. Trakten s\u00f6der om J\u00e4mj\u00f6 \u00e4r rik p\u00e5 fornl\u00e4mningar. J\u00e4mj\u00f6 bildar tillsammans med Kristianopels, Ramdala, Sturk\u00f6 och Torhamns socknar J\u00e4mj\u00f6 gamla storkommun och J\u00e4mj\u00f6 pastorat i Karlskrona\/Ronneby kontrakt av Lunds stift. J\u00e4mj\u00f6 kyrka ligger strax v\u00e4ster om samh\u00e4llet utmed E 22.<\/p>\n<h2>Torpinventeringar<\/h2>\n<p><strong>J\u00e4mj\u00f6 I:<br \/>\n70+17 torp, Kr\u00e5kerum, Duverum, Ellet, J\u00e4mj\u00f6 by, Sn\u00e4lleb\u00e4ck, Flyeboda<br \/>\n<\/strong>Den f\u00f6rsta inventeringen finns publicerad i \u00d6BHs skriftserie som nummer 7<br \/>\n<a href=\"https:\/\/www.hembygd.se\/ostra-blekinge\/TorpinventeringJamjo\" target=\"_blank\" rel=\"noopener\">Torpinventering i J\u00e4mj\u00f6 socken<\/a>.<br \/>\n<strong>J\u00e4mj\u00f6 II:<br \/>\n51 torp, Sn\u00e4lleb\u00e4ck, Flyeboda, K\u00e4ttilsboda, Ellet, Duverum, Kr\u00e5kerum, Skogsbacke (Hammarby), Vesen (Hammarby), Hammarby,\u00a0<\/strong><\/p>\n<p>Dessa inventeringar genomf\u00f6rdes p\u00e5 1970-80-talet av Sven Hjalmarsson (torpombud, \u00d6BH), Ebba o Birger Bj\u00f6rnsson, Ragnar Persson, Nils Andersson, Arvid Nilsson, H\u00e5kan Andersson, Marta Magnusson, Mia Melander och Gottfrid Karlsson.<br \/>\nSamtliga situationsplaner \u00f6ver torptomterna \u00e4r gjorda av Ragnar Persson.<\/p>\n<p>&nbsp;<\/p>\n<p><iframe loading=\"lazy\" src=\"https:\/\/www.google.com\/maps\/d\/u\/1\/embed?mid=1Gz2yXfCqTLieYhRp4U0ChWxINcastUrh&amp;ehbc=2E312F\" width=\"640\" height=\"480\"><\/iframe><\/p>\n","protected":false},"excerpt":{"rendered":"<div class=\"mh-excerpt\"><p>J\u00e4mj\u00f6 sockens jordeboksnummer Vi anv\u00e4nder de jordeboksnummer som finns i de gamla husf\u00f6rh\u00f6rsl\u00e4ngderna som huvudnummer g\u00e5rdar och torp, kompletterade med eventuella nuvarande fastighetsbeteckningar. Detta eftersom de flesta av de \u00e4garl\u00e4ngder vi har f\u00f6r de gamla g\u00e5rdarna i byarna \u00e4r h\u00e4mtade <a class=\"mh-excerpt-more\" href=\"https:\/\/bevaraminnen.se\/obh\/jamjo-socken\/\" title=\"J\u00e4mj\u00f6 socken\">[&#8230;]<\/a><\/p>\n<\/div>","protected":false},"author":1,"featured_media":0,"parent":0,"menu_order":0,"comment_status":"closed","ping_status":"closed","template":"","meta":{"footnotes":""},"class_list":["post-587","page","type-page","status-publish","hentry"],"_links":{"self":[{"href":"https:\/\/bevaraminnen.se\/obh\/wp-json\/wp\/v2\/pages\/587","targetHints":{"allow":["GET"]}}],"collection":[{"href":"https:\/\/bevaraminnen.se\/obh\/wp-json\/wp\/v2\/pages"}],"about":[{"href":"https:\/\/bevaraminnen.se\/obh\/wp-json\/wp\/v2\/types\/page"}],"author":[{"embeddable":true,"href":"https:\/\/bevaraminnen.se\/obh\/wp-json\/wp\/v2\/users\/1"}],"replies":[{"embeddable":true,"href":"https:\/\/bevaraminnen.se\/obh\/wp-json\/wp\/v2\/comments?post=587"}],"version-history":[{"count":8,"href":"https:\/\/bevaraminnen.se\/obh\/wp-json\/wp\/v2\/pages\/587\/revisions"}],"predecessor-version":[{"id":2801,"href":"https:\/\/bevaraminnen.se\/obh\/wp-json\/wp\/v2\/pages\/587\/revisions\/2801"}],"wp:attachment":[{"href":"https:\/\/bevaraminnen.se\/obh\/wp-json\/wp\/v2\/media?parent=587"}],"curies":[{"name":"wp","href":"https:\/\/api.w.org\/{rel}","templated":true}]}}